{"id":1798,"date":"2023-04-20T11:28:30","date_gmt":"2023-04-20T11:28:30","guid":{"rendered":"https:\/\/2023.levantefor.it\/?page_id=1798"},"modified":"2023-04-20T15:16:36","modified_gmt":"2023-04-20T15:16:36","slug":"regolamento-sfilata-cosplay","status":"publish","type":"page","link":"https:\/\/2023.levantefor.it\/?page_id=1798","title":{"rendered":"REGOLAMENTO SFILATA COSPLAY"},"content":{"rendered":"<table style=\"border: 0px;\">\n<tbody>\n<tr>\n<td style=\"border: 0px; text-align: center;\"><a href=\"https:\/\/2023.levantefor.it\/wp-content\/uploads\/2019\/08\/sfilata-regolamento-2023.pdf\" class=\"su-button su-button-style-bubbles\" style=\"color:#FFFFFF;background-color:#ef2d32;border-color:#c02428;border-radius:12px;-moz-border-radius:12px;-webkit-border-radius:12px\" target=\"_blank\" rel=\"noopener noreferrer\"><span style=\"color:#FFFFFF;padding:9px 30px;font-size:22px;line-height:33px;border-color:#f46c70;border-radius:12px;-moz-border-radius:12px;-webkit-border-radius:12px;text-shadow:none;-moz-text-shadow:none;-webkit-text-shadow:none\"><i class=\"sui sui-file-text-o\" style=\"font-size:22px;color:#FFFFFF\"><\/i> Scarica il regolamento<\/span><\/a><\/td>\n<td style=\"padding-left:10px;border: 0px; text-align: center;\"><a href=\"https:\/\/2023.levantefor.it\/wp-content\/uploads\/2019\/08\/Modulo-iscrizione-Sfilata.pdf\" class=\"su-button su-button-style-bubbles\" style=\"color:#FFFFFF;background-color:#1F9C3C;border-color:#197d30;border-radius:12px;-moz-border-radius:12px;-webkit-border-radius:12px\" target=\"_blank\" rel=\"noopener noreferrer\"><span style=\"color:#FFFFFF;padding:9px 30px;font-size:22px;line-height:33px;border-color:#63ba77;border-radius:12px;-moz-border-radius:12px;-webkit-border-radius:12px;text-shadow:none;-moz-text-shadow:none;-webkit-text-shadow:none\"><i class=\"sui sui-edit\" style=\"font-size:22px;color:#FFFFFF\"><\/i> Modulo di Partecipazione<\/span><\/a><\/td>\n<\/tr>\n<\/tbody>\n<\/table>\n<p><strong>1. DATA E LUOGO<\/strong><\/p>\n<p><u>La Sfilata Cosplay<\/u> avr\u00e0 luogo durante l&#8217;evento <u>LevanteFor<\/u> presso \u00a0la \u201cFiera del Levante\u201d sita in Lungomare Starita 4, 70125 Bari (BA).<\/p>\n<p>L\u2019ora ed il giorno esatti verranno comunicati quanto prima dall\u2019organizzazione, tramite i canali in cui \u00e8 disponibile questo bando.<\/p>\n<ol start=\"2\">\n<li><strong>ISCRIZIONE E PRE-SFILATA<\/strong><\/li>\n<\/ol>\n<p>&nbsp;<\/p>\n<ol>\n<li>La partecipazione alla <u>Sfilata Cosplay<\/u> \u00e8 gratuita e aperta a partecipanti singoli con et\u00e0 minima di 11 anni, previa iscrizione.<\/li>\n<li>L\u2019iscrizione a <u>Sfilata Cosplay<\/u> potr\u00e0 essere inviata dalla pubblicazione del presente regolamento <u>al<\/u><u> 25 maggio 2023<\/u> (incluso) con un messaggio di posta elettronica all\u2019indirizzo <a href=\"mailto:pugliageek@gmail.com\"><strong>ninetalesevents@gmail.com<\/strong><\/a> , con oggetto \u201cISCRIZIONE Sfilata Cosplay LevanteFor\u201d. Il messaggio dovr\u00e0 avere i seguenti allegati:<\/li>\n<li>Il modulo d\u2019iscrizione alla Sfilata Cosplay (disponibile alla fine di questo regolamento), completo in ogni sua parte;<\/li>\n<li>Una o pi\u00f9 immagini del personaggio interpretato (dalla versione con cui si partecipa);<\/li>\n<li>Eventuali fotografie del work in progress del cosplay;<\/li>\n<li>Una scansione di un documento d\u2019identit\u00e0 (i soggetti minorenni dovranno inviare il documento sia loro che del tutore legale).<br \/>\n<strong>NB:<\/strong> le iscrizioni online ritenute valide, saranno confermate con una mail di risposta da parte dell\u2019organizzazione.<\/li>\n<\/ol>\n<p>Oppure, se ci sono ancora disponibilit\u00e0, sar\u00e0 possibile iscriversi in loco (nello stesso giorno della gara) presso l\u2019Area Cosplay entro 3 ore prima dell\u2019inizio della stessa, portando con s\u00e9 la documentazione necessaria.<\/p>\n<ol>\n<li><u>Per ragioni organizzative, l\u2019e-mail sar\u00e0 considerata una \u201cprenotazione\u201d alla sfilata e non una vera e propria iscrizione, da confermare tramite presenza all\u2019appello pre-sfilata.<\/u> Si noti anche che una mail d\u2019iscrizione priva di conferma da parte dell\u2019organizzazione, sar\u00e0 considerata nulla.<\/li>\n<li>Ogni partecipante potr\u00e0 partecipare alla \u201cSfilata Cosplay\u201d con un solo personaggio.<\/li>\n<li>Tutti gli iscritti dovranno presentarsi per l\u2019appello pre-sfilata un quarto d\u2019ora prima dell\u2019inizio della stessa presso l\u2019Area Palco, per validare la loro presenza. Una volta terminato l&#8217;appello pre-sfilata, l&#8217;organizzazione stiler\u00e0 l&#8217;ordine di sfilata. <strong><u>Gli eventuali assenti al momento dell&#8217;appello pre-sfilata verranno esclusi dalla competizione<\/u>.<\/strong> In casi assolutamente eccezionali, e a giudizio insindacabile dell&#8217;organizzazione, partecipanti esclusi possono essere riammessi alla sfilata.<\/li>\n<li>Dopo l&#8217;appello pre-sfilata, tutti i partecipanti alla \u201cSfilata Cosplay\u201d sono tenuti a rimanere vicino al palco, per sfilare una volta annunciati. Chi non si presenter\u00e0 durante il proprio turno sar\u00e0 automaticamente escluso dalla competizione, senza possibilit\u00e0 d&#8217;appello.<\/li>\n<\/ol>\n<p>&nbsp;<\/p>\n<ol start=\"3\">\n<li><strong>COSTUMI, OGGETTI E COMPORTAMENTI AMMESSI<\/strong><\/li>\n<\/ol>\n<p>I costumi ammessi alla <u>Sfilata Cosplay<\/u> dovranno essere attinenti al mondo dell&#8217;animazione, del fumetto, del cinema, dei telefilm, della musica orientale (J-rock, Visual Kei, J-pop, K-pop, K-rock), della pop culture, dei videogiochi, cosplay originali, non ufficiali, fan art.<\/p>\n<ul>\n<li>Non \u00e8 ammesso l\u2019uso di alcun tipo di materiale pericoloso, esplosivo e\/o infiammabile, contundente, che possa danneggiare terzi o il palco, o sporcare il palco o danneggiare le successive performance. Non \u00e8 altres\u00ec permesso portare macchinari o elementi che possano disturbare la successiva esibizione (es. macchina del fumo).<\/li>\n<li>Il personale di sicurezza, a suo insindacabile giudizio, \u00e8 tenuto a prendere in consegna ogni oggetto che possa arrecare danno a terzi o che sia ritenuto pericoloso. Gli oggetti saranno restituiti all&#8217;uscita. Si consiglia quindi di non portare armi, oggetti contundenti o materiali pericolosi.<\/li>\n<li>Non \u00e8 ammesso l\u2019utilizzo di alcun tipo di animale durante la propria performance.<\/li>\n<li>\u00c8 vietato utilizzare abiti o atteggiamenti scurrili o che possano offendere o ledere la morale.<\/li>\n<li>Non \u00e8 ammesso l\u2019uso del microfono.<\/li>\n<\/ul>\n<p>&nbsp;<\/p>\n<ol start=\"4\">\n<li><strong>SFILATA COSPLAY<\/strong><\/li>\n<\/ol>\n<p>I partecipanti alla \u201cSfilata Cosplay\u201d sfileranno nell\u2019ordine deciso dall\u2019organizzazione.<\/p>\n<p><u>Ogni partecipante ha a sua disposizione un tempo massimo di 30 secondi per sfilare sul palco, in piena libert\u00e0.<\/u><\/p>\n<p>Alla fine di ogni sfilata, i membri della giuria potranno fare domande ai concorrenti o eventuali commenti.<\/p>\n<p>&nbsp;<\/p>\n<ol start=\"5\">\n<li><strong>SPAZIO PER IL PUBBLICO<\/strong><\/li>\n<\/ol>\n<p>L&#8217;organizzazione metter\u00e0 a disposizione un apposito spazio per il pubblico che vorr\u00e0 assistere alla \u201cSfilata Cosplay\u201d; tuttavia, in caso di sovraffollamento dello spazio, o in altri casi descritti dalle vigenti norme sulla sicurezza, o indicati dall&#8217;autorit\u00e0 pubblica predisposta, sar\u00e0 dato accesso prioritario ai partecipanti.<\/p>\n<p>&nbsp;<\/p>\n<ol start=\"6\">\n<li><strong>GIURIA E PREMIAZIONE<\/strong><\/li>\n<\/ol>\n<p>La giuria della \u201cSfilata Cosplay\u201d sar\u00e0 composta da esperti del settore. La composizione della giuria verr\u00e0 annunciata al pubblico prima dell\u2019inizio della sfilata.<\/p>\n<p>Ogni giurato \u00e8 chiamato ad esprimere un voto da 1 (scarso) a 5 (eccellente) per ogni sfilata:<\/p>\n<ul>\n<li>Fattura del costume<\/li>\n<li>Fedelt\u00e0 al personaggio (make-up, parrucche, ecc.)<\/li>\n<li>Originalit\u00e0 (nel caso di original)<\/li>\n<\/ul>\n<p>La giuria dar\u00e0 maggiore valutazione ai costumi o accessori autoprodotti pi\u00f9 che a quelli acquistati. I partecipanti dovranno inviare per e-mail o consegnare una documentazione fotografica che attesti l\u2019autoproduzione dei manufatti (Work in progress\/WIP).<\/p>\n<p>Alla fine delle esibizioni, il Presidente di Giuria presenter\u00e0 all\u2019organizzazione i giudizi dei giurati. L\u2019organizzazione sfiler\u00e0 la classifica finale, che verr\u00e0 annunciata pubblicamente sul palco. Le decisioni della Giuria sono inappellabili.<\/p>\n<ul>\n<li>I vincitori saranno chiamati sul palco ed avranno la possibilit\u00e0 di esibirsi per un\u2019ultima volta prima di ricevere il premio.<\/li>\n<li><u>Al momento della premiazione tutti i cosplayer che hanno partecipato alla sfilata dovranno essere presenti (salvo emergenze comunicate direttamente allo staff). Nel caso in cui un partecipante non sia presente, il premio sar\u00e0 dato al \u201csecondo\u201d classificato della categoria.<\/u><\/li>\n<\/ul>\n<ol start=\"7\">\n<li><strong>PREMI<\/strong><\/li>\n<\/ol>\n<p>La \u201cSfilata Cosplay\u201d prevede:<\/p>\n<ul>\n<li>Un premio per il 1\u00b0 Classificato;<\/li>\n<li>Un premio per il 2\u00b0 Classificato;<\/li>\n<li>Un premio per il 3\u00b0 Classificato.<\/li>\n<\/ul>\n<p>&nbsp;<\/p>\n<p>L\u2019esatta natura dei premi verr\u00e0 annunciata al pubblico all\u2019inizio della sfilata o sui canali ufficiali dell\u2019evento.<\/p>\n<p>I premi verranno annunciati dopo l\u2019esibizione di tutti i partecipanti al concorso.<\/p>\n<p><u>Al momento della premiazione tutti i cosplayer che hanno partecipato alla sfilata dovranno essere presenti (salvo emergenze comunicate direttamente allo staff). Nel caso in cui un partecipante non sia presente, il premio sar\u00e0 dato al \u201csecondo\u201d classificato della categoria.<\/u><\/p>\n<p>&nbsp;<\/p>\n<ol start=\"8\">\n<li><strong>SQUALIFICHE<\/strong><\/li>\n<\/ol>\n<p>La mancata accettazione di questo regolamento sar\u00e0 causa di esclusione dalla \u201cSfilata Cosplay\u201d. Si pregano quindi tutti i partecipanti di prendere visione del suddetto regolamento, per non incorrere in una squalifica.<\/p>\n<p>La non osservanza di una o pi\u00f9 regole sopra elencate, o la mancanza di rispetto nei confronti dell\u2019organizzazione, degli altri concorrenti, dei giurati e\/o del pubblico, dar\u00e0 luogo all\u2019immediata squalifica dell\u2019intero gruppo o del singolo responsabile.<\/p>\n<p>L\u2019organizzazione non si assume alcuna responsabilit\u00e0 per materiali scenici e non, abbandonati o lasciati incustoditi all\u2019interno degli spazi fieristici.<\/p>\n<p>L&#8217;organizzazione si riserva il diritto di escludere partecipanti che con il loro comportamento abbiano causato problemi di ordine pubblico o volutamente rallentato l&#8217;andamento della manifestazione. Ugualmente saranno sanzionati comportamenti non sportivi o apertamente offensivi.<\/p>\n<p>&nbsp;<\/p>\n<ol start=\"9\">\n<li><strong>AVVERTENZE E COMUNICAZIONI<\/strong><\/li>\n<\/ol>\n<p>L\u2019organizzazione si riserva la facolt\u00e0 di variare l\u2019orario delle preselezioni a causa di possibili eventi di forza maggiore. Nel caso, il cambio di orario verr\u00e0 comunicato per tempo ai partecipanti.<\/p>\n<p>L\u2019organizzazione \u00e8 a disposizione per rispondere a domande eventuali, attraverso e-mail all\u2019indirizzo <a href=\"mailto:pugliageek@gmail.com\"><strong>ninetalesevents@gmail.com<\/strong><\/a>.<\/p>\n<figure id=\"attachment_1837\" aria-describedby=\"caption-attachment-1837\" style=\"width: 317px\" class=\"wp-caption alignright\"><img loading=\"lazy\" decoding=\"async\" class=\"wp-image-1837\" src=\"https:\/\/2023.levantefor.it\/wp-content\/uploads\/2023\/04\/Logo-Nine-Tales-COLORATO-770x459.png\" alt=\"\" width=\"317\" height=\"189\" srcset=\"https:\/\/2023.levantefor.it\/wp-content\/uploads\/2023\/04\/Logo-Nine-Tales-COLORATO-770x459.png 770w, https:\/\/2023.levantefor.it\/wp-content\/uploads\/2023\/04\/Logo-Nine-Tales-COLORATO-1170x697.png 1170w, https:\/\/2023.levantefor.it\/wp-content\/uploads\/2023\/04\/Logo-Nine-Tales-COLORATO-768x457.png 768w, https:\/\/2023.levantefor.it\/wp-content\/uploads\/2023\/04\/Logo-Nine-Tales-COLORATO-1536x915.png 1536w, https:\/\/2023.levantefor.it\/wp-content\/uploads\/2023\/04\/Logo-Nine-Tales-COLORATO-2048x1220.png 2048w\" sizes=\"(max-width: 317px) 100vw, 317px\" \/><figcaption id=\"caption-attachment-1837\" class=\"wp-caption-text\">Organizzato da Nine Tales<\/figcaption><\/figure>\n","protected":false},"excerpt":{"rendered":"<p>1. DATA E LUOGO La Sfilata Cosplay avr\u00e0 luogo durante l&#8217;evento LevanteFor presso \u00a0la \u201cFiera del Levante\u201d sita in Lungomare Starita 4, 70125 Bari (BA). L\u2019ora ed il giorno esatti verranno comunicati quanto prima dall\u2019organizzazione, tramite i canali in cui \u00e8 disponibile questo bando. ISCRIZIONE E PRE-SFILATA &nbsp; La partecipazione ...<\/p>\n","protected":false},"author":1,"featured_media":1822,"parent":0,"menu_order":0,"comment_status":"closed","ping_status":"closed","template":"page-wide.php","meta":{"footnotes":""},"yoast_head":"<!-- This site is optimized with the Yoast SEO plugin v21.8.1 - https:\/\/yoast.com\/wordpress\/plugins\/seo\/ -->\n<title>REGOLAMENTO SFILATA COSPLAY - LevanteFor - Comics Games Cosplay and Fun!<\/title>\n<meta name=\"robots\" content=\"index, follow, max-snippet:-1, max-image-preview:large, max-video-preview:-1\" \/>\n<link rel=\"canonical\" href=\"https:\/\/2023.levantefor.it\/?page_id=1798\" \/>\n<meta property=\"og:locale\" content=\"it_IT\" \/>\n<meta property=\"og:type\" content=\"article\" \/>\n<meta property=\"og:title\" content=\"REGOLAMENTO SFILATA COSPLAY - LevanteFor - Comics Games Cosplay and Fun!\" \/>\n<meta property=\"og:description\" content=\"1. DATA E LUOGO La Sfilata Cosplay avr\u00e0 luogo durante l&#8217;evento LevanteFor presso \u00a0la \u201cFiera del Levante\u201d sita in Lungomare Starita 4, 70125 Bari (BA). L\u2019ora ed il giorno esatti verranno comunicati quanto prima dall\u2019organizzazione, tramite i canali in cui \u00e8 disponibile questo bando. ISCRIZIONE E PRE-SFILATA &nbsp; La partecipazione [...]\" \/>\n<meta property=\"og:url\" content=\"https:\/\/2023.levantefor.it\/?page_id=1798\" \/>\n<meta property=\"og:site_name\" content=\"LevanteFor - Comics Games Cosplay and Fun!\" \/>\n<meta property=\"article:modified_time\" content=\"2023-04-20T15:16:36+00:00\" \/>\n<meta property=\"og:image\" content=\"https:\/\/2023.levantefor.it\/wp-content\/uploads\/2023\/04\/23-scaled.jpg\" \/>\n\t<meta property=\"og:image:width\" content=\"2560\" \/>\n\t<meta property=\"og:image:height\" content=\"1286\" \/>\n\t<meta property=\"og:image:type\" content=\"image\/jpeg\" \/>\n<meta name=\"twitter:card\" content=\"summary_large_image\" \/>\n<meta name=\"twitter:label1\" content=\"Tempo di lettura stimato\" \/>\n\t<meta name=\"twitter:data1\" content=\"6 minuti\" \/>\n<script type=\"application\/ld+json\" class=\"yoast-schema-graph\">{\"@context\":\"https:\/\/schema.org\",\"@graph\":[{\"@type\":\"WebPage\",\"@id\":\"https:\/\/2023.levantefor.it\/?page_id=1798\",\"url\":\"https:\/\/2023.levantefor.it\/?page_id=1798\",\"name\":\"REGOLAMENTO SFILATA COSPLAY - LevanteFor - Comics Games Cosplay and Fun!\",\"isPartOf\":{\"@id\":\"https:\/\/2023.levantefor.it\/#website\"},\"datePublished\":\"2023-04-20T11:28:30+00:00\",\"dateModified\":\"2023-04-20T15:16:36+00:00\",\"breadcrumb\":{\"@id\":\"https:\/\/2023.levantefor.it\/?page_id=1798#breadcrumb\"},\"inLanguage\":\"it-IT\",\"potentialAction\":[{\"@type\":\"ReadAction\",\"target\":[\"https:\/\/2023.levantefor.it\/?page_id=1798\"]}]},{\"@type\":\"BreadcrumbList\",\"@id\":\"https:\/\/2023.levantefor.it\/?page_id=1798#breadcrumb\",\"itemListElement\":[{\"@type\":\"ListItem\",\"position\":1,\"name\":\"Home\",\"item\":\"https:\/\/2023.levantefor.it\/\"},{\"@type\":\"ListItem\",\"position\":2,\"name\":\"REGOLAMENTO SFILATA COSPLAY\"}]},{\"@type\":\"WebSite\",\"@id\":\"https:\/\/2023.levantefor.it\/#website\",\"url\":\"https:\/\/2023.levantefor.it\/\",\"name\":\"LevanteFor - Comics Games Cosplay and Fun!\",\"description\":\"27 - 28 Maggio 2023 @ Nuova Fiera del Levante - Bari\",\"potentialAction\":[{\"@type\":\"SearchAction\",\"target\":{\"@type\":\"EntryPoint\",\"urlTemplate\":\"https:\/\/2023.levantefor.it\/?s={search_term_string}\"},\"query-input\":\"required name=search_term_string\"}],\"inLanguage\":\"it-IT\"}]}<\/script>\n<!-- \/ Yoast SEO plugin. -->","yoast_head_json":{"title":"REGOLAMENTO SFILATA COSPLAY - LevanteFor - Comics Games Cosplay and Fun!","robots":{"index":"index","follow":"follow","max-snippet":"max-snippet:-1","max-image-preview":"max-image-preview:large","max-video-preview":"max-video-preview:-1"},"canonical":"https:\/\/2023.levantefor.it\/?page_id=1798","og_locale":"it_IT","og_type":"article","og_title":"REGOLAMENTO SFILATA COSPLAY - LevanteFor - Comics Games Cosplay and Fun!","og_description":"1. DATA E LUOGO La Sfilata Cosplay avr\u00e0 luogo durante l&#8217;evento LevanteFor presso \u00a0la \u201cFiera del Levante\u201d sita in Lungomare Starita 4, 70125 Bari (BA). L\u2019ora ed il giorno esatti verranno comunicati quanto prima dall\u2019organizzazione, tramite i canali in cui \u00e8 disponibile questo bando. ISCRIZIONE E PRE-SFILATA &nbsp; La partecipazione [...]","og_url":"https:\/\/2023.levantefor.it\/?page_id=1798","og_site_name":"LevanteFor - Comics Games Cosplay and Fun!","article_modified_time":"2023-04-20T15:16:36+00:00","og_image":[{"width":2560,"height":1286,"url":"https:\/\/2023.levantefor.it\/wp-content\/uploads\/2023\/04\/23-scaled.jpg","type":"image\/jpeg"}],"twitter_card":"summary_large_image","twitter_misc":{"Tempo di lettura stimato":"6 minuti"},"schema":{"@context":"https:\/\/schema.org","@graph":[{"@type":"WebPage","@id":"https:\/\/2023.levantefor.it\/?page_id=1798","url":"https:\/\/2023.levantefor.it\/?page_id=1798","name":"REGOLAMENTO SFILATA COSPLAY - LevanteFor - Comics Games Cosplay and Fun!","isPartOf":{"@id":"https:\/\/2023.levantefor.it\/#website"},"datePublished":"2023-04-20T11:28:30+00:00","dateModified":"2023-04-20T15:16:36+00:00","breadcrumb":{"@id":"https:\/\/2023.levantefor.it\/?page_id=1798#breadcrumb"},"inLanguage":"it-IT","potentialAction":[{"@type":"ReadAction","target":["https:\/\/2023.levantefor.it\/?page_id=1798"]}]},{"@type":"BreadcrumbList","@id":"https:\/\/2023.levantefor.it\/?page_id=1798#breadcrumb","itemListElement":[{"@type":"ListItem","position":1,"name":"Home","item":"https:\/\/2023.levantefor.it\/"},{"@type":"ListItem","position":2,"name":"REGOLAMENTO SFILATA COSPLAY"}]},{"@type":"WebSite","@id":"https:\/\/2023.levantefor.it\/#website","url":"https:\/\/2023.levantefor.it\/","name":"LevanteFor - Comics Games Cosplay and Fun!","description":"27 - 28 Maggio 2023 @ Nuova Fiera del Levante - Bari","potentialAction":[{"@type":"SearchAction","target":{"@type":"EntryPoint","urlTemplate":"https:\/\/2023.levantefor.it\/?s={search_term_string}"},"query-input":"required name=search_term_string"}],"inLanguage":"it-IT"}]}},"_links":{"self":[{"href":"https:\/\/2023.levantefor.it\/index.php?rest_route=\/wp\/v2\/pages\/1798"}],"collection":[{"href":"https:\/\/2023.levantefor.it\/index.php?rest_route=\/wp\/v2\/pages"}],"about":[{"href":"https:\/\/2023.levantefor.it\/index.php?rest_route=\/wp\/v2\/types\/page"}],"author":[{"embeddable":true,"href":"https:\/\/2023.levantefor.it\/index.php?rest_route=\/wp\/v2\/users\/1"}],"replies":[{"embeddable":true,"href":"https:\/\/2023.levantefor.it\/index.php?rest_route=%2Fwp%2Fv2%2Fcomments&post=1798"}],"version-history":[{"count":11,"href":"https:\/\/2023.levantefor.it\/index.php?rest_route=\/wp\/v2\/pages\/1798\/revisions"}],"predecessor-version":[{"id":1902,"href":"https:\/\/2023.levantefor.it\/index.php?rest_route=\/wp\/v2\/pages\/1798\/revisions\/1902"}],"wp:featuredmedia":[{"embeddable":true,"href":"https:\/\/2023.levantefor.it\/index.php?rest_route=\/wp\/v2\/media\/1822"}],"wp:attachment":[{"href":"https:\/\/2023.levantefor.it\/index.php?rest_route=%2Fwp%2Fv2%2Fmedia&parent=1798"}],"curies":[{"name":"wp","href":"https:\/\/api.w.org\/{rel}","templated":true}]}}