{"id":1807,"date":"2023-04-20T11:39:30","date_gmt":"2023-04-20T11:39:30","guid":{"rendered":"https:\/\/2023.levantefor.it\/?page_id=1807"},"modified":"2023-04-20T15:13:05","modified_gmt":"2023-04-20T15:13:05","slug":"regolamento-gara-cosplay","status":"publish","type":"page","link":"https:\/\/2023.levantefor.it\/?page_id=1807","title":{"rendered":"REGOLAMENTO GARA COSPLAY"},"content":{"rendered":"<table style=\"border: 0px;\">\n<tbody>\n<tr>\n<td style=\"border: 0px; text-align: center;\"><a href=\"https:\/\/2023.levantefor.it\/wp-content\/uploads\/2019\/08\/regolamento-gara-2023.pdf\" class=\"su-button su-button-style-bubbles\" style=\"color:#FFFFFF;background-color:#ef2d32;border-color:#c02428;border-radius:12px;-moz-border-radius:12px;-webkit-border-radius:12px\" target=\"_blank\" rel=\"noopener noreferrer\"><span style=\"color:#FFFFFF;padding:9px 30px;font-size:22px;line-height:33px;border-color:#f46c70;border-radius:12px;-moz-border-radius:12px;-webkit-border-radius:12px;text-shadow:none;-moz-text-shadow:none;-webkit-text-shadow:none\"><i class=\"sui sui-file-text-o\" style=\"font-size:22px;color:#FFFFFF\"><\/i> Scarica il regolamento<\/span><\/a><\/td>\n<td style=\"padding-left:10px;border: 0px; text-align: center;\"><a href=\"https:\/\/2023.levantefor.it\/wp-content\/uploads\/2019\/08\/Modulo-Iscrizione-Gara-LevanteFor.pdf\" class=\"su-button su-button-style-bubbles\" style=\"color:#FFFFFF;background-color:#1F9C3C;border-color:#197d30;border-radius:12px;-moz-border-radius:12px;-webkit-border-radius:12px\" target=\"_blank\" rel=\"noopener noreferrer\"><span style=\"color:#FFFFFF;padding:9px 30px;font-size:22px;line-height:33px;border-color:#63ba77;border-radius:12px;-moz-border-radius:12px;-webkit-border-radius:12px;text-shadow:none;-moz-text-shadow:none;-webkit-text-shadow:none\"><i class=\"sui sui-edit\" style=\"font-size:22px;color:#FFFFFF\"><\/i> Modulo di Partecipazione<\/span><\/a><\/td>\n<\/tr>\n<\/tbody>\n<\/table>\n<ol>\n<li><strong>DATA E LUOGO<\/strong><\/li>\n<\/ol>\n<p><u>\u00a0<\/u><\/p>\n<p><u>La Gara Cosplay<\/u> avr\u00e0 luogo durante l&#8217;evento <u>LevanteFor 2023<\/u> presso \u00a0la \u201cFiera del Levante\u201d sita in Lungomare Starita 4, 70125 Bari (BA).<\/p>\n<p>L\u2019ora ed il giorno esatti verranno comunicati quanto prima dall\u2019organizzazione, tramite i canali in cui \u00e8 disponibile questo bando.<\/p>\n<p>&nbsp;<\/p>\n<ol start=\"2\">\n<li><strong>ISCRIZIONE E PRE-GARA<\/strong><\/li>\n<\/ol>\n<p>&nbsp;<\/p>\n<ol>\n<li>La partecipazione alla \u201c<u>Gara Cosplay\u201d<\/u> \u00e8 gratuita e aperta a singoli e gruppi con et\u00e0 minima di 11 anni, previa iscrizione di ogni partecipante.<\/li>\n<li>L\u2019iscrizione alla \u201c<u>Gara Cosplay\u201d<\/u> potr\u00e0 essere inviata dalla pubblicazione del presente regolamento <u>al <\/u><u>25 maggio 2023<\/u> (incluso) con un messaggio di posta elettronica all\u2019indirizzo <a href=\"mailto:ninetalesevents@gmail.com\"><strong>ninetalesevents@gmail.com<\/strong><\/a>, con oggetto \u201cISCRIZIONE GARA COSPLAY LEVANTEFOR\u201d. Il messaggio dovr\u00e0 avere i seguenti allegati:<\/li>\n<li>Il modulo d\u2019iscrizione alla Gara Cosplay, completo in ogni sua parte;<\/li>\n<li>Una o pi\u00f9 immagini del personaggio interpretato (dalla versione con cui si partecipa) o, in caso di gruppi, dei personaggi interpretati;<\/li>\n<li>Il file mp3 della base (musicale o dialogata che sia) su cui si intende esibirsi;<\/li>\n<li>Eventuali richieste necessarie per l\u2019esibizione (es. sedia, momento in cui deve partire la base,)<\/li>\n<li>Una scansione di un documento d\u2019identit\u00e0 valido (i soggetti minorenni dovranno inviare il documento sia loro che del tutore legale).<br \/>\n<strong>NB:<\/strong> le iscrizioni online ritenute valide, saranno confermate con una mail di risposta da parte dell\u2019organizzazione.<\/li>\n<\/ol>\n<p>Oppure, se ci sono ancora disponibilit\u00e0, sar\u00e0 possibile iscriversi in loco (nello stesso giorno della gara) presso l\u2019Area Cosplay entro 3 ore prima dell\u2019inizio della stessa, portando la documentazione necessaria e la base MP3 su chiave USB.<br \/>\n<strong>NB: <\/strong><u>non saranno in alcun modo accettate richieste di basi musicali da scaricare online in loco o da scaricare da supporti differenti da chiavette USB (es. cellulari, drive, browser, mail, bluetooth, ecc.)<\/u><\/p>\n<p>&nbsp;<\/p>\n<ol>\n<li><u>Per ragioni organizzative, l\u2019e-mail sar\u00e0 considerata una \u201cprenotazione\u201d alla gara e non una vera e propria iscrizione, da confermare tramite presenza all\u2019appello pre-gara.<\/u> Si noti anche che una mail d\u2019iscrizione priva di conferma da parte dell\u2019organizzazione, sar\u00e0 considerata nulla.<\/li>\n<li>Ogni partecipante potr\u00e0 partecipare alla \u201cGara Cosplay\u201d con una sola esibizione (individuale o in gruppo). I gruppi sono tenuti a segnalare i nomi di tutti i componenti e a scegliere un nome da dare al gruppo. La composizione del gruppo non pu\u00f2 essere variata (non si potranno fare sostituzioni o aggiunte alla lista).<\/li>\n<li>Tutti gli iscritti dovranno presentarsi per l\u2019appello pre-gara mezz\u2019ora prima dell\u2019inizio della stessa presso l\u2019Area Palco, per validare la loro presenza. Una volta terminato l&#8217;appello pre-gara, l&#8217;organizzazione stiler\u00e0 l&#8217;ordine di gara. <strong><u>Gli eventuali assenti al momento dell&#8217;appello pre-gara verranno esclusi dalla competizione<\/u>.<\/strong> In casi assolutamente eccezionali, e a giudizio insindacabile dell&#8217;organizzazione, partecipanti esclusi possono essere riammessi alla gara.<\/li>\n<li>Dopo l&#8217;appello pre-gara, tutti i partecipanti alla Gara Cosplay sono tenuti a rimanere negli spazi adibiti dall\u2019organizzazione per esibirsi una volta annunciati. Chi non si presenter\u00e0 durante il proprio turno sar\u00e0 automaticamente escluso dalla competizione, senza possibilit\u00e0 d&#8217;appello.<\/li>\n<li>In caso di assenza di alcuni componenti di un gruppo all&#8217;appello pre-gara e\/o al momento dell&#8217;esibizione, il gruppo pu\u00f2 decidere se ritirarsi dalla competizione o gareggiare senza organico completo.<\/li>\n<\/ol>\n<p>&nbsp;<\/p>\n<ol start=\"3\">\n<li><strong>BASI MUSICALI<\/strong><\/li>\n<\/ol>\n<p>L\u2019uso di una base mp3 durante l\u2019esibizione \u00e8 obbligatorio. Il supporto audio dovr\u00e0 essere inviato o consegnato contestualmente all&#8217;iscrizione, come specificato al punto 2B. Il brano dovr\u00e0:<\/p>\n<ul>\n<li>Essere in un\u2019unica traccia in formato MP3;<\/li>\n<li>Avere il nome e cognome del partecipante, o del gruppo (ad es. &#8220;mariorossi.mp3&#8221; o &#8220;amiciditotoro.mp3&#8221;);<\/li>\n<li>I brani musicali non possono essere in nessun caso variati o aggiunti dopo l&#8217;iscrizione.<\/li>\n<\/ul>\n<p>\u00c8 necessario avere con s\u00e9 un supporto USB portatile con lo stesso file da utilizzare in caso di emergenza.<\/p>\n<p>&nbsp;<\/p>\n<ol start=\"4\">\n<li><strong>COSTUMI, OGGETTI E COMPORTAMENTI AMMESSI<\/strong><\/li>\n<\/ol>\n<p>I costumi ammessi alla \u201c<u>Gara Cosplay\u201d<\/u> dovranno essere attinenti al mondo dell&#8217;animazione, del fumetto, del cinema, dei telefilm, della musica orientale (J-rock, Visual Kei, J-pop, K-pop, K-rock), della pop culture, dei videogiochi, cosplay originali, non ufficiali, fan art.<\/p>\n<ul>\n<li>\u00c8 possibile portare oggetti e piccole scenografie sul palco, che siano rigorosamente autoportanti, facili e leggere da trasportare. Tutti gli oggetti e piccole scenografie devono essere tali da essere trasportati dai concorrenti ed al massimo da un singolo accompagnatore per esibizione, che per\u00f2 non potr\u00e0 rimanere sul palco durante la gara. Di conseguenza non sono ammessi oggetti e scenografie tali da comportare difficolt\u00e0 all\u2019entrata della fiera e nei padiglioni.<\/li>\n<li>Non \u00e8 ammesso l\u2019uso di alcun tipo di materiale pericoloso, esplosivo e\/o infiammabile, contundente, che possa danneggiare terzi o il palco, o sporcare il palco o danneggiare le successive performance. Non \u00e8 altres\u00ec permesso portare macchinari o elementi che possano disturbare la successiva esibizione (es. macchina del fumo).<\/li>\n<li>Il personale di sicurezza, a suo insindacabile giudizio, \u00e8 tenuto a prendere in consegna ogni oggetto che possa arrecare danno a terzi o che sia ritenuto pericoloso. Gli oggetti saranno restituiti all&#8217;uscita. Si consiglia quindi di non portare armi, oggetti contundenti o materiali pericolosi.<\/li>\n<li>Non \u00e8 ammesso l\u2019utilizzo di alcun tipo di animale durante la propria performance.<\/li>\n<li>\u00c8 vietato utilizzare linguaggi, abiti o atteggiamenti scurrili o che possano offendere o ledere la morale.<\/li>\n<li>Non \u00e8 ammesso l\u2019uso del microfono: nel caso in cui ci fossero partecipanti intenzionati a cantare o recitare, si consiglia di realizzare un file audio che permetter\u00e0 l\u2019esibizione in playback.<\/li>\n<li>\u00c8 permesso richiedere l\u2019aiuto di un soggetto esterno alla performance (quindi privo di interazione con il partecipante durante l\u2019esibizione) per esigenze di scena (es. aiuto per cambio d\u2019abito, scenografie, oggetti, ecc).<\/li>\n<\/ul>\n<ol start=\"5\">\n<li><strong>GARA COSPLAY<\/strong><\/li>\n<\/ol>\n<p>I partecipanti alla \u201cGara Cosplay\u201d sfileranno nell\u2019ordine deciso dall\u2019organizzazione.<\/p>\n<p><u>Ogni partecipante ha a sua disposizione un tempo massimo di 1 minuto (se singolo) e 2 minuti (se gruppo o coppia) per esibirsi sul palco, in piena libert\u00e0.<\/u><\/p>\n<p>Alla fine di ogni esibizione, i membri della giuria potranno fare domande ai concorrenti o eventuali commenti.<\/p>\n<p>&nbsp;<\/p>\n<ol start=\"6\">\n<li><strong>SPAZIO PER IL PUBBLICO<\/strong><\/li>\n<\/ol>\n<p>L&#8217;organizzazione metter\u00e0 a disposizione un apposito spazio per il pubblico che vorr\u00e0 assistere alla Gara Cosplay; tuttavia, in caso di sovraffollamento dello spazio, o in altri casi descritti dalle vigenti norme sulla sicurezza, o indicati dall&#8217;autorit\u00e0 pubblica predisposta, sar\u00e0 dato accesso prioritario ai partecipanti.<\/p>\n<p>&nbsp;<\/p>\n<ol start=\"7\">\n<li><strong>GIURIA E PREMIAZIONE<\/strong><\/li>\n<\/ol>\n<p>La giuria della Gara Cosplay sar\u00e0 composta da esperti del settore. La composizione della giuria verr\u00e0 annunciata al pubblico prima dell\u2019inizio della gara.<\/p>\n<p>Ogni giurato \u00e8 chiamato ad esprimere un voto da 1 (scarso) a 5 (eccellente) per ogni esibizione:<\/p>\n<ul>\n<li>Esibizione<\/li>\n<li>Fattura del Costume (prop-making, sartoria, dettagli, ecc.)<\/li>\n<li>Interpretazione<\/li>\n<li>Fedelt\u00e0 al personaggio (make-up, parrucche, ecc.)<\/li>\n<\/ul>\n<p>Alla fine delle esibizioni, il Presidente di Giuria presenter\u00e0 all\u2019organizzazione i giudizi dei giurati. L\u2019organizzazione stiler\u00e0 la classifica finale, che verr\u00e0 annunciata pubblicamente sul palco. Le decisioni della Giuria sono inappellabili.<\/p>\n<ul>\n<li>I vincitori saranno chiamati sul palco ed avranno la possibilit\u00e0 di esibirsi per un\u2019ultima volta prima di ricevere il premio.<\/li>\n<li><u>Al momento della premiazione tutti i cosplayer che hanno partecipato alla gara dovranno essere presenti (salvo emergenze comunicate direttamente allo staff). Nel caso in cui un partecipante non sia presente, il premio sar\u00e0 dato al \u201csecondo\u201d classificato della categoria.<\/u><\/li>\n<\/ul>\n<p>&nbsp;<\/p>\n<ol start=\"8\">\n<li><strong>PREMI<\/strong><\/li>\n<\/ol>\n<p>La \u201cGara Cosplay\u201d prevede:<\/p>\n<ul>\n<li>Un premio per il Primo Classificato;<\/li>\n<li>Un premio per il Secondo Classificato;<\/li>\n<li>Un premio per il Terzo Classificato;<\/li>\n<li>Un premio per il Miglior cosplay di gruppo;<\/li>\n<li>Un premio per la Miglior interpretazione;<\/li>\n<li>Un premio per la Migliore Prop.<\/li>\n<\/ul>\n<p>&nbsp;<\/p>\n<p>L\u2019esatta natura dei premi verr\u00e0 annunciata al pubblico all\u2019inizio della gara o sui canali ufficiali dell\u2019evento.<\/p>\n<p>I premi verranno aggiudicati dopo l\u2019esibizione di tutti i partecipanti al concorso.<\/p>\n<p><u>Per assegnare il premio della categoria miglior gruppo, la stessa dovranno essere composte da non meno di 2 partecipanti. Tale decisione verr\u00e0 annunciata dall\u2019organizzazione una volta finito l\u2019appello pre-gara.<\/u><\/p>\n<p>&nbsp;<\/p>\n<ol start=\"9\">\n<li><strong>SQUALIFICHE<\/strong><\/li>\n<\/ol>\n<p>La mancata accettazione di questo regolamento sar\u00e0 causa di esclusione dalla \u201cGara Cosplay\u201d. Si pregano quindi tutti i partecipanti di prendere visione del suddetto regolamento, per non incorrere in una squalifica.<\/p>\n<p>La non osservanza di una o pi\u00f9 regole sopra elencate, o la mancanza di rispetto nei confronti dell\u2019organizzazione, degli altri concorrenti, dei giurati e\/o del pubblico, dar\u00e0 luogo all\u2019immediata squalifica dell\u2019intero gruppo o del singolo responsabile.<\/p>\n<p>L\u2019organizzazione non si assume alcuna responsabilit\u00e0 per materiali scenici e non, abbandonati o lasciati incustoditi all\u2019interno degli spazi.<\/p>\n<p>L&#8217;organizzazione si riserva il diritto di escludere partecipanti che con il loro comportamento abbiano causato problemi di ordine pubblico o volutamente rallentato l&#8217;andamento della manifestazione. Ugualmente saranno sanzionati comportamenti non sportivi o apertamente offensivi.<\/p>\n<p>&nbsp;<\/p>\n<ol start=\"10\">\n<li><strong>AVVERTENZE E COMUNICAZIONI<\/strong><\/li>\n<\/ol>\n<p>L\u2019organizzazione si riserva la facolt\u00e0 di variare l\u2019orario delle preselezioni a causa di possibili eventi di forza maggiore. Nel caso, il cambio di orario verr\u00e0 comunicato per tempo ai partecipanti.<\/p>\n<p>L\u2019organizzazione \u00e8 a disposizione per rispondere a domande eventuali, attraverso e-mail all\u2019indirizzo <a href=\"mailto:ninetalesevents@gmail.com\"><strong>ninetalesevents@gmail.com<\/strong><\/a>.<\/p>\n<p>&nbsp;<\/p>\n<figure id=\"attachment_1837\" aria-describedby=\"caption-attachment-1837\" style=\"width: 317px\" class=\"wp-caption alignright\"><img loading=\"lazy\" decoding=\"async\" class=\"wp-image-1837\" src=\"https:\/\/2023.levantefor.it\/wp-content\/uploads\/2023\/04\/Logo-Nine-Tales-COLORATO-770x459.png\" alt=\"\" width=\"317\" height=\"189\" srcset=\"https:\/\/2023.levantefor.it\/wp-content\/uploads\/2023\/04\/Logo-Nine-Tales-COLORATO-770x459.png 770w, https:\/\/2023.levantefor.it\/wp-content\/uploads\/2023\/04\/Logo-Nine-Tales-COLORATO-1170x697.png 1170w, https:\/\/2023.levantefor.it\/wp-content\/uploads\/2023\/04\/Logo-Nine-Tales-COLORATO-768x457.png 768w, https:\/\/2023.levantefor.it\/wp-content\/uploads\/2023\/04\/Logo-Nine-Tales-COLORATO-1536x915.png 1536w, https:\/\/2023.levantefor.it\/wp-content\/uploads\/2023\/04\/Logo-Nine-Tales-COLORATO-2048x1220.png 2048w\" sizes=\"(max-width: 317px) 100vw, 317px\" \/><figcaption id=\"caption-attachment-1837\" class=\"wp-caption-text\">Organizzato da Nine Tales<\/figcaption><\/figure>\n","protected":false},"excerpt":{"rendered":"<p>DATA E LUOGO \u00a0 La Gara Cosplay avr\u00e0 luogo durante l&#8217;evento LevanteFor 2023 presso \u00a0la \u201cFiera del Levante\u201d sita in Lungomare Starita 4, 70125 Bari (BA). L\u2019ora ed il giorno esatti verranno comunicati quanto prima dall\u2019organizzazione, tramite i canali in cui \u00e8 disponibile questo bando. &nbsp; ISCRIZIONE E PRE-GARA &nbsp; ...<\/p>\n","protected":false},"author":1,"featured_media":1815,"parent":0,"menu_order":0,"comment_status":"closed","ping_status":"closed","template":"page-wide.php","meta":{"footnotes":""},"yoast_head":"<!-- This site is optimized with the Yoast SEO plugin v21.8.1 - https:\/\/yoast.com\/wordpress\/plugins\/seo\/ -->\n<title>REGOLAMENTO GARA COSPLAY - LevanteFor - Comics Games Cosplay and Fun!<\/title>\n<meta name=\"robots\" content=\"index, follow, max-snippet:-1, max-image-preview:large, max-video-preview:-1\" \/>\n<link rel=\"canonical\" href=\"https:\/\/2023.levantefor.it\/?page_id=1807\" \/>\n<meta property=\"og:locale\" content=\"it_IT\" \/>\n<meta property=\"og:type\" content=\"article\" \/>\n<meta property=\"og:title\" content=\"REGOLAMENTO GARA COSPLAY - LevanteFor - Comics Games Cosplay and Fun!\" \/>\n<meta property=\"og:description\" content=\"DATA E LUOGO \u00a0 La Gara Cosplay avr\u00e0 luogo durante l&#8217;evento LevanteFor 2023 presso \u00a0la \u201cFiera del Levante\u201d sita in Lungomare Starita 4, 70125 Bari (BA). L\u2019ora ed il giorno esatti verranno comunicati quanto prima dall\u2019organizzazione, tramite i canali in cui \u00e8 disponibile questo bando. &nbsp; ISCRIZIONE E PRE-GARA &nbsp; [...]\" \/>\n<meta property=\"og:url\" content=\"https:\/\/2023.levantefor.it\/?page_id=1807\" \/>\n<meta property=\"og:site_name\" content=\"LevanteFor - Comics Games Cosplay and Fun!\" \/>\n<meta property=\"article:modified_time\" content=\"2023-04-20T15:13:05+00:00\" \/>\n<meta property=\"og:image\" content=\"https:\/\/2023.levantefor.it\/wp-content\/uploads\/2023\/04\/2-1-scaled.jpg\" \/>\n\t<meta property=\"og:image:width\" content=\"2560\" \/>\n\t<meta property=\"og:image:height\" content=\"1283\" \/>\n\t<meta property=\"og:image:type\" content=\"image\/jpeg\" \/>\n<meta name=\"twitter:card\" content=\"summary_large_image\" \/>\n<meta name=\"twitter:label1\" content=\"Tempo di lettura stimato\" \/>\n\t<meta name=\"twitter:data1\" content=\"8 minuti\" \/>\n<script type=\"application\/ld+json\" class=\"yoast-schema-graph\">{\"@context\":\"https:\/\/schema.org\",\"@graph\":[{\"@type\":\"WebPage\",\"@id\":\"https:\/\/2023.levantefor.it\/?page_id=1807\",\"url\":\"https:\/\/2023.levantefor.it\/?page_id=1807\",\"name\":\"REGOLAMENTO GARA COSPLAY - LevanteFor - Comics Games Cosplay and Fun!\",\"isPartOf\":{\"@id\":\"https:\/\/2023.levantefor.it\/#website\"},\"datePublished\":\"2023-04-20T11:39:30+00:00\",\"dateModified\":\"2023-04-20T15:13:05+00:00\",\"breadcrumb\":{\"@id\":\"https:\/\/2023.levantefor.it\/?page_id=1807#breadcrumb\"},\"inLanguage\":\"it-IT\",\"potentialAction\":[{\"@type\":\"ReadAction\",\"target\":[\"https:\/\/2023.levantefor.it\/?page_id=1807\"]}]},{\"@type\":\"BreadcrumbList\",\"@id\":\"https:\/\/2023.levantefor.it\/?page_id=1807#breadcrumb\",\"itemListElement\":[{\"@type\":\"ListItem\",\"position\":1,\"name\":\"Home\",\"item\":\"https:\/\/2023.levantefor.it\/\"},{\"@type\":\"ListItem\",\"position\":2,\"name\":\"REGOLAMENTO GARA COSPLAY\"}]},{\"@type\":\"WebSite\",\"@id\":\"https:\/\/2023.levantefor.it\/#website\",\"url\":\"https:\/\/2023.levantefor.it\/\",\"name\":\"LevanteFor - Comics Games Cosplay and Fun!\",\"description\":\"27 - 28 Maggio 2023 @ Nuova Fiera del Levante - Bari\",\"potentialAction\":[{\"@type\":\"SearchAction\",\"target\":{\"@type\":\"EntryPoint\",\"urlTemplate\":\"https:\/\/2023.levantefor.it\/?s={search_term_string}\"},\"query-input\":\"required name=search_term_string\"}],\"inLanguage\":\"it-IT\"}]}<\/script>\n<!-- \/ Yoast SEO plugin. -->","yoast_head_json":{"title":"REGOLAMENTO GARA COSPLAY - LevanteFor - Comics Games Cosplay and Fun!","robots":{"index":"index","follow":"follow","max-snippet":"max-snippet:-1","max-image-preview":"max-image-preview:large","max-video-preview":"max-video-preview:-1"},"canonical":"https:\/\/2023.levantefor.it\/?page_id=1807","og_locale":"it_IT","og_type":"article","og_title":"REGOLAMENTO GARA COSPLAY - LevanteFor - Comics Games Cosplay and Fun!","og_description":"DATA E LUOGO \u00a0 La Gara Cosplay avr\u00e0 luogo durante l&#8217;evento LevanteFor 2023 presso \u00a0la \u201cFiera del Levante\u201d sita in Lungomare Starita 4, 70125 Bari (BA). L\u2019ora ed il giorno esatti verranno comunicati quanto prima dall\u2019organizzazione, tramite i canali in cui \u00e8 disponibile questo bando. &nbsp; ISCRIZIONE E PRE-GARA &nbsp; [...]","og_url":"https:\/\/2023.levantefor.it\/?page_id=1807","og_site_name":"LevanteFor - Comics Games Cosplay and Fun!","article_modified_time":"2023-04-20T15:13:05+00:00","og_image":[{"width":2560,"height":1283,"url":"https:\/\/2023.levantefor.it\/wp-content\/uploads\/2023\/04\/2-1-scaled.jpg","type":"image\/jpeg"}],"twitter_card":"summary_large_image","twitter_misc":{"Tempo di lettura stimato":"8 minuti"},"schema":{"@context":"https:\/\/schema.org","@graph":[{"@type":"WebPage","@id":"https:\/\/2023.levantefor.it\/?page_id=1807","url":"https:\/\/2023.levantefor.it\/?page_id=1807","name":"REGOLAMENTO GARA COSPLAY - LevanteFor - Comics Games Cosplay and Fun!","isPartOf":{"@id":"https:\/\/2023.levantefor.it\/#website"},"datePublished":"2023-04-20T11:39:30+00:00","dateModified":"2023-04-20T15:13:05+00:00","breadcrumb":{"@id":"https:\/\/2023.levantefor.it\/?page_id=1807#breadcrumb"},"inLanguage":"it-IT","potentialAction":[{"@type":"ReadAction","target":["https:\/\/2023.levantefor.it\/?page_id=1807"]}]},{"@type":"BreadcrumbList","@id":"https:\/\/2023.levantefor.it\/?page_id=1807#breadcrumb","itemListElement":[{"@type":"ListItem","position":1,"name":"Home","item":"https:\/\/2023.levantefor.it\/"},{"@type":"ListItem","position":2,"name":"REGOLAMENTO GARA COSPLAY"}]},{"@type":"WebSite","@id":"https:\/\/2023.levantefor.it\/#website","url":"https:\/\/2023.levantefor.it\/","name":"LevanteFor - Comics Games Cosplay and Fun!","description":"27 - 28 Maggio 2023 @ Nuova Fiera del Levante - Bari","potentialAction":[{"@type":"SearchAction","target":{"@type":"EntryPoint","urlTemplate":"https:\/\/2023.levantefor.it\/?s={search_term_string}"},"query-input":"required name=search_term_string"}],"inLanguage":"it-IT"}]}},"_links":{"self":[{"href":"https:\/\/2023.levantefor.it\/index.php?rest_route=\/wp\/v2\/pages\/1807"}],"collection":[{"href":"https:\/\/2023.levantefor.it\/index.php?rest_route=\/wp\/v2\/pages"}],"about":[{"href":"https:\/\/2023.levantefor.it\/index.php?rest_route=\/wp\/v2\/types\/page"}],"author":[{"embeddable":true,"href":"https:\/\/2023.levantefor.it\/index.php?rest_route=\/wp\/v2\/users\/1"}],"replies":[{"embeddable":true,"href":"https:\/\/2023.levantefor.it\/index.php?rest_route=%2Fwp%2Fv2%2Fcomments&post=1807"}],"version-history":[{"count":8,"href":"https:\/\/2023.levantefor.it\/index.php?rest_route=\/wp\/v2\/pages\/1807\/revisions"}],"predecessor-version":[{"id":1901,"href":"https:\/\/2023.levantefor.it\/index.php?rest_route=\/wp\/v2\/pages\/1807\/revisions\/1901"}],"wp:featuredmedia":[{"embeddable":true,"href":"https:\/\/2023.levantefor.it\/index.php?rest_route=\/wp\/v2\/media\/1815"}],"wp:attachment":[{"href":"https:\/\/2023.levantefor.it\/index.php?rest_route=%2Fwp%2Fv2%2Fmedia&parent=1807"}],"curies":[{"name":"wp","href":"https:\/\/api.w.org\/{rel}","templated":true}]}}