{"id":1824,"date":"2023-04-20T11:59:48","date_gmt":"2023-04-20T11:59:48","guid":{"rendered":"https:\/\/2023.levantefor.it\/?page_id=1824"},"modified":"2023-04-20T15:18:21","modified_gmt":"2023-04-20T15:18:21","slug":"regolamento-dance-contest-kpop","status":"publish","type":"page","link":"https:\/\/2023.levantefor.it\/?page_id=1824","title":{"rendered":"REGOLAMENTO DANCE CONTEST KPOP"},"content":{"rendered":"<table style=\"border: 0px;\">\n<tbody>\n<tr>\n<td style=\"border: 0px; text-align: center;\"><a href=\"https:\/\/2023.levantefor.it\/wp-content\/uploads\/2019\/08\/regolamento-contest-kpop-levantefor-.pdf\" class=\"su-button su-button-style-bubbles\" style=\"color:#FFFFFF;background-color:#ef2d32;border-color:#c02428;border-radius:12px;-moz-border-radius:12px;-webkit-border-radius:12px\" target=\"_blank\" rel=\"noopener noreferrer\"><span style=\"color:#FFFFFF;padding:9px 30px;font-size:22px;line-height:33px;border-color:#f46c70;border-radius:12px;-moz-border-radius:12px;-webkit-border-radius:12px;text-shadow:none;-moz-text-shadow:none;-webkit-text-shadow:none\"><i class=\"sui sui-file-text-o\" style=\"font-size:22px;color:#FFFFFF\"><\/i> Scarica il regolamento<\/span><\/a><\/td>\n<td style=\"padding-left:10px;border: 0px; text-align: center;\"><a href=\"https:\/\/2023.levantefor.it\/wp-content\/uploads\/2019\/08\/Modulo-d_iscrizione-talent-levantefor.pdf\" class=\"su-button su-button-style-bubbles\" style=\"color:#FFFFFF;background-color:#1F9C3C;border-color:#197d30;border-radius:12px;-moz-border-radius:12px;-webkit-border-radius:12px\" target=\"_blank\" rel=\"noopener noreferrer\"><span style=\"color:#FFFFFF;padding:9px 30px;font-size:22px;line-height:33px;border-color:#63ba77;border-radius:12px;-moz-border-radius:12px;-webkit-border-radius:12px;text-shadow:none;-moz-text-shadow:none;-webkit-text-shadow:none\"><i class=\"sui sui-edit\" style=\"font-size:22px;color:#FFFFFF\"><\/i> Modulo di Partecipazione<\/span><\/a><\/td>\n<\/tr>\n<\/tbody>\n<\/table>\n<p>&nbsp;<\/p>\n<p>L&#8217;evento \u00e8 organizzato da \u201cKapuliaPop\u201d in collaborazione con \u201cQTDream\u201d e \u201cLevantefor\u201d<\/p>\n<p>&nbsp;<\/p>\n<ol>\n<li><strong> LUOGO E DATA.<\/strong><\/li>\n<\/ol>\n<p>Il dance contest avr\u00e0 luogo il presso Levantefor \u2013 Bari (Fiera del Levante), data e ora verranno resi noti in seguito. Eventuali modifiche saranno pubblicate sui vari social.<\/p>\n<p>Sar\u00e1 possibile iscriversi al contest tramite mail dalla pubblicazione di tale regolamento al giorno 25\/05\/2022, in seguito sar\u00e1 possibile iscriversi direttamente il giorno del contest fino ad esaurimento posti solo ed esclusivamente con chiavetta contenente traccia musicale.<\/p>\n<p>L\u2019evento \u00e8 a numero chiuso e rispetta tutte le linee guida anti-covid, per questo motivo i posti\u00a0 saranno limitati ed \u00e8 consigliata l\u2019iscrizione online.<\/p>\n<p>&nbsp;<\/p>\n<ol start=\"2\">\n<li><strong> REGOLAMENTO.<\/strong><\/li>\n<\/ol>\n<ol>\n<li>L&#8217;iscrizione \u00e8 gratuita ed aperta sia alle crew che ai solisti.<\/li>\n<li>L&#8217;iscrizione al dance contest dovr\u00e0 essere inviata con un messaggio di posta elettronica all&#8217;indirizzo <strong>kapuliapop@gmail.com<\/strong><strong>, <\/strong>con oggetto \u201cISCRIZIONE AL DANCE CONTEST KPOP LEVANTEFOR\u201d. Il messaggio dovr\u00e0 contenere i seguenti allegati:<\/li>\n<\/ol>\n<ul>\n<li style=\"list-style-type: none;\">\n<ul>\n<li>Una scansione o foto del proprio documento d\u2019identit\u00e0 o quello dei genitori per i minori di 18 anni.<\/li>\n<li>Il modulo compilato in ogni sua parte.<\/li>\n<li>Traccia audio.<\/li>\n<li>Vostro nome e cognome, nome Instagram, nome della canzone e artista originale.<\/li>\n<\/ul>\n<\/li>\n<\/ul>\n<ol>\n<li>Ogni partecipante potr\u00e0 partecipare al \u201cDance contest kpop\u201d con una sola esibizione individuale per ogni categoria (crew e solisti).<\/li>\n<li>Per ragioni organizzative, l\u2019email sar\u00e1 considerata una \u201cprenotazione\u201d al contest e non una vera e propria iscrizione, da confermare tramite presenza all\u2019appello pre-contest.<\/li>\n<li>L&#8217;eventuale utilizzo di outfit originali sar\u00e0 gradito e aggiunto ai criteri di valutazione.<\/li>\n<li>Tutti gli iscritti dovranno presentarsi per l\u2019appello pre-contest mezz\u2019ora prima dell\u2019inizio della stessa, per validare la loro presenza e dovranno rimanere nelle vicinanze fino all\u2019inizio del contest. Una volta terminato l\u2019appello, l\u2019organizzazione stiler\u00e1 l\u2019ordine di esibizione. Gli eventuali assenti al momento dell\u2019appello pre-contest verranno esclusi dalla competizione. In casi assolutamente eccezionali, e a giudizio insindacabile dell\u2019organizzazione, partecipanti esclusi possono essere riammessi.<\/li>\n<li>\u00c9 possibile utilizzare oggetti di scenografia che siano facilmente trasportabili e dovranno essere rimossi immediatamente dopo l\u2019esibizione. Non \u00e8 ammesso l\u2019uso di materiale pericoloso e\/o infiammabile, contundente, che possa danneggiare o sporcare il palco, abiti e atteggiamenti scurrili. L\u2019utilizzo di tali oggetti deterr\u00e1 l\u2019esclusione dal contest.<\/li>\n<li>\u00c9 possibile editare la traccia audio o tagliarla con un minimo di durata di due minuti a partecipante ed un massimo di cinque minuti.<\/li>\n<li>\u00c8 possibile unire pi\u00fa canzoni e creare mashup che dovranno per\u00f3 essere segnalati in precedenza nella mail.<\/li>\n<\/ol>\n<p>&nbsp;<\/p>\n<p><strong>Tutti i punti dovranno essere rispettati previa esclusione dal contest.<\/strong><\/p>\n<p>&nbsp;<\/p>\n<ol start=\"3\">\n<li><strong> PREMI<\/strong><\/li>\n<\/ol>\n<ul>\n<li>Best Apulia crew<\/li>\n<li>Best Apulia Soloist<\/li>\n<li>Premio speciale QTDream<\/li>\n<\/ul>\n<p><strong>\u00a0<\/strong><\/p>\n<p>Tutti i vincitori avranno la possibilit\u00e0 di essere giudici di future edizioni e contest organizzati da kapuliapop.<\/p>\n<p>&nbsp;<\/p>\n<ol start=\"4\">\n<li><strong> GIURIA E PREMIAZIONE.<\/strong><\/li>\n<\/ol>\n<p>La giuria del dance contest sar\u00e0 composta da membri selezionati dei \u201cQT Dream\u201d e giudici selezionati appositamente per il contest.<\/p>\n<p>La giuria del premio speciale \u201cQT Dream\u201d\u00a0 sar\u00e0 composta esclusivamente dai membri dei relativi gruppi.<\/p>\n<ul>\n<li>La giuria esprimer\u00e0 un voto da 1 (insufficiente) a 5 (eccellente) per quanto riguarda:<br \/>\n\u2022 Capacit\u00e0 di ballo<br \/>\n\u2022 Espressioni<br \/>\n\u2022 Coordinazione<br \/>\n\u2022 Adattamento della coreografia<br \/>\n\u2022 Pulizia dei movimenti<br \/>\n\u2022 Outfit.<\/li>\n<\/ul>\n<p>&nbsp;<\/p>\n<ol start=\"5\">\n<li><strong> BASI MUSICALI.<\/strong><\/li>\n<\/ol>\n<p>Il supporto audio dovr\u00e1 essere inviato al momento dell\u2019iscrizione, dovr\u00e1 contenere il nome del concorrente e il nome della canzone. La durata dovr\u00e1 essere massimo di cinque minuti, tutte le tracce superiori a questa soglia verranno tagliate.<\/p>\n<p>&nbsp;<\/p>\n<p>Per qualsiasi informazione aggiuntiva contattate su instagram Kapuliapop e QTDream.<\/p>\n","protected":false},"excerpt":{"rendered":"<p>&nbsp; L&#8217;evento \u00e8 organizzato da \u201cKapuliaPop\u201d in collaborazione con \u201cQTDream\u201d e \u201cLevantefor\u201d &nbsp; LUOGO E DATA. Il dance contest avr\u00e0 luogo il presso Levantefor \u2013 Bari (Fiera del Levante), data e ora verranno resi noti in seguito. Eventuali modifiche saranno pubblicate sui vari social. Sar\u00e1 possibile iscriversi al contest tramite ...<\/p>\n","protected":false},"author":1,"featured_media":1813,"parent":0,"menu_order":0,"comment_status":"closed","ping_status":"closed","template":"page-wide.php","meta":{"footnotes":""},"yoast_head":"<!-- This site is optimized with the Yoast SEO plugin v21.8.1 - https:\/\/yoast.com\/wordpress\/plugins\/seo\/ -->\n<title>REGOLAMENTO DANCE CONTEST KPOP - LevanteFor - Comics Games Cosplay and Fun!<\/title>\n<meta name=\"robots\" content=\"index, follow, max-snippet:-1, max-image-preview:large, max-video-preview:-1\" \/>\n<link rel=\"canonical\" href=\"https:\/\/2023.levantefor.it\/?page_id=1824\" \/>\n<meta property=\"og:locale\" content=\"it_IT\" \/>\n<meta property=\"og:type\" content=\"article\" \/>\n<meta property=\"og:title\" content=\"REGOLAMENTO DANCE CONTEST KPOP - LevanteFor - Comics Games Cosplay and Fun!\" \/>\n<meta property=\"og:description\" content=\"&nbsp; L&#8217;evento \u00e8 organizzato da \u201cKapuliaPop\u201d in collaborazione con \u201cQTDream\u201d e \u201cLevantefor\u201d &nbsp; LUOGO E DATA. Il dance contest avr\u00e0 luogo il presso Levantefor \u2013 Bari (Fiera del Levante), data e ora verranno resi noti in seguito. Eventuali modifiche saranno pubblicate sui vari social. Sar\u00e1 possibile iscriversi al contest tramite [...]\" \/>\n<meta property=\"og:url\" content=\"https:\/\/2023.levantefor.it\/?page_id=1824\" \/>\n<meta property=\"og:site_name\" content=\"LevanteFor - Comics Games Cosplay and Fun!\" \/>\n<meta property=\"article:modified_time\" content=\"2023-04-20T15:18:21+00:00\" \/>\n<meta property=\"og:image\" content=\"https:\/\/2023.levantefor.it\/wp-content\/uploads\/2023\/04\/image00001-scaled.jpeg\" \/>\n\t<meta property=\"og:image:width\" content=\"2560\" \/>\n\t<meta property=\"og:image:height\" content=\"1706\" \/>\n\t<meta property=\"og:image:type\" content=\"image\/jpeg\" \/>\n<meta name=\"twitter:card\" content=\"summary_large_image\" \/>\n<meta name=\"twitter:label1\" content=\"Tempo di lettura stimato\" \/>\n\t<meta name=\"twitter:data1\" content=\"3 minuti\" \/>\n<script type=\"application\/ld+json\" class=\"yoast-schema-graph\">{\"@context\":\"https:\/\/schema.org\",\"@graph\":[{\"@type\":\"WebPage\",\"@id\":\"https:\/\/2023.levantefor.it\/?page_id=1824\",\"url\":\"https:\/\/2023.levantefor.it\/?page_id=1824\",\"name\":\"REGOLAMENTO DANCE CONTEST KPOP - LevanteFor - Comics Games Cosplay and Fun!\",\"isPartOf\":{\"@id\":\"https:\/\/2023.levantefor.it\/#website\"},\"datePublished\":\"2023-04-20T11:59:48+00:00\",\"dateModified\":\"2023-04-20T15:18:21+00:00\",\"breadcrumb\":{\"@id\":\"https:\/\/2023.levantefor.it\/?page_id=1824#breadcrumb\"},\"inLanguage\":\"it-IT\",\"potentialAction\":[{\"@type\":\"ReadAction\",\"target\":[\"https:\/\/2023.levantefor.it\/?page_id=1824\"]}]},{\"@type\":\"BreadcrumbList\",\"@id\":\"https:\/\/2023.levantefor.it\/?page_id=1824#breadcrumb\",\"itemListElement\":[{\"@type\":\"ListItem\",\"position\":1,\"name\":\"Home\",\"item\":\"https:\/\/2023.levantefor.it\/\"},{\"@type\":\"ListItem\",\"position\":2,\"name\":\"REGOLAMENTO DANCE CONTEST KPOP\"}]},{\"@type\":\"WebSite\",\"@id\":\"https:\/\/2023.levantefor.it\/#website\",\"url\":\"https:\/\/2023.levantefor.it\/\",\"name\":\"LevanteFor - Comics Games Cosplay and Fun!\",\"description\":\"27 - 28 Maggio 2023 @ Nuova Fiera del Levante - Bari\",\"potentialAction\":[{\"@type\":\"SearchAction\",\"target\":{\"@type\":\"EntryPoint\",\"urlTemplate\":\"https:\/\/2023.levantefor.it\/?s={search_term_string}\"},\"query-input\":\"required name=search_term_string\"}],\"inLanguage\":\"it-IT\"}]}<\/script>\n<!-- \/ Yoast SEO plugin. -->","yoast_head_json":{"title":"REGOLAMENTO DANCE CONTEST KPOP - LevanteFor - Comics Games Cosplay and Fun!","robots":{"index":"index","follow":"follow","max-snippet":"max-snippet:-1","max-image-preview":"max-image-preview:large","max-video-preview":"max-video-preview:-1"},"canonical":"https:\/\/2023.levantefor.it\/?page_id=1824","og_locale":"it_IT","og_type":"article","og_title":"REGOLAMENTO DANCE CONTEST KPOP - LevanteFor - Comics Games Cosplay and Fun!","og_description":"&nbsp; L&#8217;evento \u00e8 organizzato da \u201cKapuliaPop\u201d in collaborazione con \u201cQTDream\u201d e \u201cLevantefor\u201d &nbsp; LUOGO E DATA. Il dance contest avr\u00e0 luogo il presso Levantefor \u2013 Bari (Fiera del Levante), data e ora verranno resi noti in seguito. Eventuali modifiche saranno pubblicate sui vari social. Sar\u00e1 possibile iscriversi al contest tramite [...]","og_url":"https:\/\/2023.levantefor.it\/?page_id=1824","og_site_name":"LevanteFor - Comics Games Cosplay and Fun!","article_modified_time":"2023-04-20T15:18:21+00:00","og_image":[{"width":2560,"height":1706,"url":"https:\/\/2023.levantefor.it\/wp-content\/uploads\/2023\/04\/image00001-scaled.jpeg","type":"image\/jpeg"}],"twitter_card":"summary_large_image","twitter_misc":{"Tempo di lettura stimato":"3 minuti"},"schema":{"@context":"https:\/\/schema.org","@graph":[{"@type":"WebPage","@id":"https:\/\/2023.levantefor.it\/?page_id=1824","url":"https:\/\/2023.levantefor.it\/?page_id=1824","name":"REGOLAMENTO DANCE CONTEST KPOP - LevanteFor - Comics Games Cosplay and Fun!","isPartOf":{"@id":"https:\/\/2023.levantefor.it\/#website"},"datePublished":"2023-04-20T11:59:48+00:00","dateModified":"2023-04-20T15:18:21+00:00","breadcrumb":{"@id":"https:\/\/2023.levantefor.it\/?page_id=1824#breadcrumb"},"inLanguage":"it-IT","potentialAction":[{"@type":"ReadAction","target":["https:\/\/2023.levantefor.it\/?page_id=1824"]}]},{"@type":"BreadcrumbList","@id":"https:\/\/2023.levantefor.it\/?page_id=1824#breadcrumb","itemListElement":[{"@type":"ListItem","position":1,"name":"Home","item":"https:\/\/2023.levantefor.it\/"},{"@type":"ListItem","position":2,"name":"REGOLAMENTO DANCE CONTEST KPOP"}]},{"@type":"WebSite","@id":"https:\/\/2023.levantefor.it\/#website","url":"https:\/\/2023.levantefor.it\/","name":"LevanteFor - Comics Games Cosplay and Fun!","description":"27 - 28 Maggio 2023 @ Nuova Fiera del Levante - Bari","potentialAction":[{"@type":"SearchAction","target":{"@type":"EntryPoint","urlTemplate":"https:\/\/2023.levantefor.it\/?s={search_term_string}"},"query-input":"required name=search_term_string"}],"inLanguage":"it-IT"}]}},"_links":{"self":[{"href":"https:\/\/2023.levantefor.it\/index.php?rest_route=\/wp\/v2\/pages\/1824"}],"collection":[{"href":"https:\/\/2023.levantefor.it\/index.php?rest_route=\/wp\/v2\/pages"}],"about":[{"href":"https:\/\/2023.levantefor.it\/index.php?rest_route=\/wp\/v2\/types\/page"}],"author":[{"embeddable":true,"href":"https:\/\/2023.levantefor.it\/index.php?rest_route=\/wp\/v2\/users\/1"}],"replies":[{"embeddable":true,"href":"https:\/\/2023.levantefor.it\/index.php?rest_route=%2Fwp%2Fv2%2Fcomments&post=1824"}],"version-history":[{"count":4,"href":"https:\/\/2023.levantefor.it\/index.php?rest_route=\/wp\/v2\/pages\/1824\/revisions"}],"predecessor-version":[{"id":1903,"href":"https:\/\/2023.levantefor.it\/index.php?rest_route=\/wp\/v2\/pages\/1824\/revisions\/1903"}],"wp:featuredmedia":[{"embeddable":true,"href":"https:\/\/2023.levantefor.it\/index.php?rest_route=\/wp\/v2\/media\/1813"}],"wp:attachment":[{"href":"https:\/\/2023.levantefor.it\/index.php?rest_route=%2Fwp%2Fv2%2Fmedia&parent=1824"}],"curies":[{"name":"wp","href":"https:\/\/api.w.org\/{rel}","templated":true}]}}